{"id":141,"date":"2025-10-02T14:45:47","date_gmt":"2025-10-02T12:45:47","guid":{"rendered":"https:\/\/lynkco.gruplesseps.rivex.es\/?page_id=141"},"modified":"2025-10-18T09:38:04","modified_gmt":"2025-10-18T07:38:04","slug":"aviso-legal","status":"publish","type":"page","link":"https:\/\/lynkco.gruplesseps.rivex.es\/aviso-legal\/","title":{"rendered":"Aviso Legal"},"content":{"rendered":"<div class=\"hero-block hero-block--small\" style=\"background-color: Page;\">\n                        <div class=\"hero-slide\">\n                                    <h2 class=\"hero-title\">Aviso Legal y Pol\u00edticas de Privacidad<\/h2>\n                                \n                                    <p class=\"hero-subtitle\">Siguiendo los principios de licitud, lealtad y transparencia, ponemos a su disposici\u00f3n la presente Pol\u00edtica de Privacidad.<\/p>\n                                \n                                    <div class=\"hero-image\">\n                                                    <img decoding=\"async\" src=\"https:\/\/lynkco.gruplesseps.rivex.es\/wp-content\/uploads\/sites\/3\/2025\/10\/negro.jpg\" alt=\"\">\n                                            <\/div>\n                                \n                                \n                            <\/div>\n            <\/div> \n\n<div class=\"block-text\"><div><b>\u00bfQUI\u00c9N ES EL RESPONSABLE DEL TRATAMIENTO DE SUS DATOS?<\/b><\/div>\n<div><b>Nombre de la empresa:<\/b>\u00a0LESSEPS MOTOR, SL (de ahora en adelante\u00a0<b>GRUP VOLMAR<\/b>)<br \/>\n<b>CIF:<\/b>\u00a0B58608738<br \/>\n<b>DOMICILIO:<\/b>\u00a0Carretera de Barcelona, 40-42, 08302 Matar\u00f3 (Barcelona)<br \/>\n<b>Email:<\/b>\u00a0<a href=\"mailto:gdpr@gruplesseps.com\" target=\"_blank\" rel=\"noopener\">gdpr@gruplesseps.com<\/a> <b>\/ <\/b><a href=\"mailto:info@grupvolmar.com\">info@grupvolmar.com<\/a><br \/>\n<b>Tel\u00e9fono:<\/b>\u00a093 285 75 75<br \/>\n<b>Actividad:<\/b>\u00a0comercializaci\u00f3n y reparaci\u00f3n de veh\u00edculos<\/div>\n<hr \/>\n<div><b>\u00bfCON QU\u00c9 FINALIDAD TRATAMOS SUS DATOS PERSONALES?<\/b><\/div>\n<div>En\u00a0<b>GRUP VOLMAR<\/b>\u00a0tratamos la informaci\u00f3n que nos facilita con la finalidad de gestionar la relaci\u00f3n contractual que nos une, gestionar el env\u00edo de la informaci\u00f3n que nos solicita, facilitar a los interesados ofertas de nuestros servicios y\/o productos de su inter\u00e9s y\/o gestionar su adquisici\u00f3n, servicios postventa, reparaciones, etc.<br \/>\nIgualmente, en el caso del env\u00edo de curr\u00edculums en el apartado \u201ctreballa amb nosaltres\u201d, trataremos la informaci\u00f3n que nos facilita con la finalidad de gestionar su candidatura.<\/div>\n<hr \/>\n<div><b>\u00bfPOR CU\u00c1NTO TIEMPO CONSERVAREMOS SUS DATOS PERSONALES?<\/b><\/div>\n<div>Sus datos ser\u00e1n conservados el tiempo m\u00ednimo necesario para la correcta prestaci\u00f3n del servicio ofrecido, as\u00ed como para atender las responsabilidades que se pudieran derivar del mismo y de cualquier otra exigencia\u00a0<span class=\"il\">legal<\/span>.<br \/>\nLos datos de los curr\u00edculums se conservar\u00e1n durante un a\u00f1o en atenci\u00f3n a futuras solicitudes de puestos de trabajo.<\/div>\n<hr \/>\n<div><b>\u00bfCU\u00c1L ES LA LEGITIMACI\u00d3N PARA EL TRATAMIENTO DE SUS DATOS?<\/b><\/div>\n<div>La base\u00a0<span class=\"il\">legal<\/span>\u00a0para el tratamiento de sus datos personales puede ser la ejecuci\u00f3n de una relaci\u00f3n contractual potencial y\/o suscrita, el inter\u00e9s leg\u00edtimo, la habilitaci\u00f3n\u00a0<span class=\"il\">legal<\/span>\u00a0y\/o el consentimiento del propio interesado.<\/div>\n<div>Los datos que le solicitamos son adecuados, pertinentes y estrictamente necesarios y en ning\u00fan caso est\u00e1 obligado a facilit\u00e1rnoslos, pero su no comunicaci\u00f3n podr\u00e1 afectar a la finalidad del servicio o la imposibilidad de prestarlo.<\/div>\n<hr \/>\n<div><b>\u00bfA QU\u00c9 DESTINATARIOS SE COMUNICAR\u00c1N SUS DATOS?<\/b><\/div>\n<div><b>GRUP VOLMAR<\/b>\u00a0no comunicar\u00e1 sus datos a ning\u00fan tercero, a excepci\u00f3n de la marca correspondiente a su veh\u00edculo. No cederemos ni comunicaremos a ning\u00fan tercero sus datos, excepto en los casos legalmente previstos, o salvo que el interesado nos hubiera autorizado expresamente.<\/div>\n<hr \/>\n<div><b>\u00bfCU\u00c1LES SON SUS DERECHOS CUANDO NOS FACILITA SUS DATOS?<\/b><\/div>\n<div><\/div>\n<div>Los derechos de protecci\u00f3n de datos de los que son titulares los interesados son:<\/div>\n<div><\/div>\n<div role=\"presentation\">&#8211; Derecho a solicitar el acceso a los datos personales relativos al interesado.<\/div>\n<div role=\"presentation\">&#8211; Derecho de rectificaci\u00f3n o supresi\u00f3n.<\/div>\n<div role=\"presentation\">&#8211; Derecho de oposici\u00f3n.<\/div>\n<div role=\"presentation\">&#8211; Derecho a solicitar la limitaci\u00f3n de su tratamiento.<\/div>\n<div role=\"presentation\">&#8211; Derecho a la portabilidad de los datos.<\/div>\n<div role=\"presentation\">\n<hr \/>\n<\/div>\n<div role=\"presentation\"><b>EJERCICIO DE DERECHOS<\/b><\/div>\n<div>Los titulares de los datos personales obtenidos podr\u00e1n ejercer sus derechos de acceso, rectificaci\u00f3n, limitaci\u00f3n, oposici\u00f3n\/revocaci\u00f3n, portabilidad y supresi\u00f3n, dirigiendo una comunicaci\u00f3n por escrito al domicilio social de\u00a0<b>LESSEPS MOTORS, SL<\/b>\u00a0o al correo electr\u00f3nico habilitado a tal efecto:\u00a0<b><a href=\"mailto:gdpr@gruplesseps.com\" target=\"_blank\" rel=\"noopener\">gdpr@gruplesseps.com<\/a><\/b>, incluyendo en ambos casos fotocopia de su DNI u otro documento de identificaci\u00f3n equivalente.<\/div>\n<div>Podr\u00e1 presentar reclamaci\u00f3n ante la Agencia Espa\u00f1ola de Protecci\u00f3n de Datos (AEPD). Modelos, formularios y m\u00e1s informaci\u00f3n disponible sobre sus derechos en la p\u00e1gina web de la AEPD (<a id=\"m_-6414367123706251973m_-7446325509782780033OWAf1c8c386-2e9d-5d40-319f-dbb526a5e333\" href=\"http:\/\/www.agpd.es\/\" target=\"_blank\" rel=\"noopener\" data-saferedirecturl=\"https:\/\/www.google.com\/url?q=http:\/\/www.agpd.es&amp;source=gmail&amp;ust=1760707280270000&amp;usg=AOvVaw2G8TKOWZUFtzTSB_kiWDnT\">www.agpd.es<\/a>).<\/div>\n<hr \/>\n<div><b>EXACTITUD Y VERACIDAD DE LOS DATOS<\/b><\/div>\n<div>Como usuario, es el \u00fanico responsable de la veracidad y correcci\u00f3n de los datos que nos remita, exonerando a\u00a0<b>GRUP VOLMAR<\/b>\u00a0de cualquier responsabilidad al respecto, incluso cuando nos facilita datos de terceros.<\/div>\n<div>Los usuarios garantizan y responden, en cualquier caso, de la exactitud, vigencia y autenticidad de los datos personales facilitados, y se comprometen a mantenerlos debidamente actualizados.<\/div>\n<hr \/>\n<div><b>SEGURIDAD<\/b><\/div>\n<div>Con el objetivo de salvaguardar la seguridad de sus datos personales, le informamos que\u00a0<b>GRUP VOLMAR<\/b>\u00a0ha adoptado todas las medidas de \u00edndole t\u00e9cnica y organizativa necesarias para garantizar la seguridad de los datos personales suministrados.<\/div>\n<div>Esta web incluye un certificado SSL para que sus datos viajen de manera \u00edntegra y segura. No obstante,\u00a0<b>GRUP VOLMAR<\/b>\u00a0no puede garantizar la absoluta inexpugnabilidad de la red Internet y, por tanto, la violaci\u00f3n de los datos mediante accesos fraudulentos por parte de terceros.<\/div>\n<div>Cuando se presente alg\u00fan incidente de seguridad,\u00a0<b>GRUP VOLMAR<\/b>\u00a0lo notificar\u00e1 al Cliente y usuario sin demoras indebidas y proporcionar\u00e1 la informaci\u00f3n oportuna relacionada.<\/div>\n<hr \/>\n<div><b>ACEPTACI\u00d3N Y CONSENTIMIENTO<\/b><\/div>\n<div>El usuario declara haber sido informado de las condiciones sobre protecci\u00f3n de datos de car\u00e1cter personal, aceptando y consintiendo el tratamiento de los mismos por parte de\u00a0<b>GRUP VOLMAR<\/b>\u00a0en la forma y para las finalidades indicadas en esta pol\u00edtica de privacidad.<\/div>\n<hr \/>\n<div><b>PROPIEDAD INTELECTUAL E INDUSTRIAL<\/b><\/div>\n<div><b>GRUP VOLMAR<\/b>, por s\u00ed o como cesionaria, es titular de todos los derechos de propiedad intelectual e industrial de su p\u00e1gina web, as\u00ed como de los elementos contenidos en la misma.<\/div>\n<hr \/>\n<div><b>EXCLUSI\u00d3N DE GARANT\u00cdAS Y RESPONSABILIDAD<\/b><\/div>\n<div><b>GRUP VOLMAR<\/b>\u00a0no se hace responsable, en ning\u00fan caso, de los da\u00f1os y perjuicios de cualquier naturaleza que pudieran ocasionar errores u omisiones en los contenidos, falta de disponibilidad del portal o transmisi\u00f3n de virus, a pesar de haber adoptado todas las medidas tecnol\u00f3gicas necesarias para evitarlo.<\/div>\n<hr \/>\n<div><b>ENLACES<\/b><\/div>\n<div>En el caso de que en\u00a0<b><a href=\"http:\/\/www.lynkcomaresme.com\/\" target=\"_blank\" rel=\"noopener\" data-saferedirecturl=\"https:\/\/www.google.com\/url?q=http:\/\/www.grupvolmar.com&amp;source=gmail&amp;ust=1760707280270000&amp;usg=AOvVaw0_RoiloC0nisHioGdwIbYB\">www.lynkcomaresme.com<\/a><\/b>\u00a0se dispusiesen enlaces o hiperv\u00ednculos hacia otros sitios de Internet,\u00a0<b>GRUP VOLMAR<\/b>\u00a0no ejercer\u00e1 ning\u00fan tipo de control sobre dichos sitios y contenidos.<\/div>\n<hr \/>\n<div><b>GENERALIDADES<\/b><\/div>\n<div><b>GRUP VOLMAR<\/b>\u00a0perseguir\u00e1 el incumplimiento de las presentes condiciones, as\u00ed como cualquier utilizaci\u00f3n indebida de su portal ejerciendo todas las acciones civiles y penales que le puedan corresponder en derecho.<\/div>\n<hr \/>\n<div><b>CAMBIOS EN LA POL\u00cdTICA DE PRIVACIDAD<\/b><\/div>\n<div><b>GRUP VOLMAR<\/b>\u00a0se reserva el derecho a modificar la presente pol\u00edtica para adaptarla a novedades legislativas o jurisprudenciales, as\u00ed como a pr\u00e1cticas de la industria.<\/div>\n<hr \/>\n<div><b>CORREOS COMERCIALES<\/b><\/div>\n<div>De acuerdo con la LSSICE,\u00a0<b>GRUP VOLMAR<\/b>\u00a0no realiza pr\u00e1cticas de SPAM y se compromete a no enviar comunicaciones de car\u00e1cter comercial sin identificarlas debidamente y siempre bajo consentimiento previo.<\/div>\n<hr \/>\n<div><b>LEGISLACI\u00d3N APLICABLE Y JURISDICCI\u00d3N<\/b><\/div>\n<div>La relaci\u00f3n entre\u00a0<b>GRUP VOLMAR<\/b>\u00a0y el usuario se regir\u00e1 por la normativa espa\u00f1ola vigente en cada momento y cualquier controversia se someter\u00e1 a los Juzgados y Tribunales de la ciudad de Barcelona.<\/div>\n<\/div>","protected":false},"excerpt":{"rendered":"","protected":false},"author":1,"featured_media":0,"parent":0,"menu_order":0,"comment_status":"closed","ping_status":"closed","template":"","meta":{"_acf_changed":false,"footnotes":""},"class_list":["post-141","page","type-page","status-publish","hentry"],"acf":[],"yoast_head":"<!-- This site is optimized with the Yoast SEO plugin v26.0 - https:\/\/yoast.com\/wordpress\/plugins\/seo\/ -->\n<title>Aviso Legal - Lynk&amp;Co Maresme<\/title>\n<meta name=\"robots\" content=\"index, follow, max-snippet:-1, max-image-preview:large, max-video-preview:-1\" \/>\n<link rel=\"canonical\" href=\"https:\/\/lynkco.gruplesseps.rivex.es\/aviso-legal\/\" \/>\n<meta property=\"og:locale\" content=\"es_ES\" \/>\n<meta property=\"og:type\" content=\"article\" \/>\n<meta property=\"og:title\" content=\"Aviso Legal - Lynk&amp;Co Maresme\" \/>\n<meta property=\"og:url\" content=\"https:\/\/lynkco.gruplesseps.rivex.es\/aviso-legal\/\" \/>\n<meta property=\"og:site_name\" content=\"Lynk&amp;Co Maresme\" \/>\n<meta property=\"article:modified_time\" content=\"2025-10-18T07:38:04+00:00\" \/>\n<meta name=\"twitter:card\" content=\"summary_large_image\" \/>\n<script type=\"application\/ld+json\" class=\"yoast-schema-graph\">{\"@context\":\"https:\/\/schema.org\",\"@graph\":[{\"@type\":\"WebPage\",\"@id\":\"https:\/\/lynkco.gruplesseps.rivex.es\/aviso-legal\/\",\"url\":\"https:\/\/lynkco.gruplesseps.rivex.es\/aviso-legal\/\",\"name\":\"Aviso Legal - Lynk&amp;Co Maresme\",\"isPartOf\":{\"@id\":\"https:\/\/lynkco.gruplesseps.rivex.es\/es\/#website\"},\"datePublished\":\"2025-10-02T12:45:47+00:00\",\"dateModified\":\"2025-10-18T07:38:04+00:00\",\"breadcrumb\":{\"@id\":\"https:\/\/lynkco.gruplesseps.rivex.es\/aviso-legal\/#breadcrumb\"},\"inLanguage\":\"es\",\"potentialAction\":[{\"@type\":\"ReadAction\",\"target\":[\"https:\/\/lynkco.gruplesseps.rivex.es\/aviso-legal\/\"]}]},{\"@type\":\"BreadcrumbList\",\"@id\":\"https:\/\/lynkco.gruplesseps.rivex.es\/aviso-legal\/#breadcrumb\",\"itemListElement\":[{\"@type\":\"ListItem\",\"position\":1,\"name\":\"Home\",\"item\":\"https:\/\/lynkco.gruplesseps.rivex.es\/es\/\"},{\"@type\":\"ListItem\",\"position\":2,\"name\":\"Aviso Legal\"}]},{\"@type\":\"WebSite\",\"@id\":\"https:\/\/lynkco.gruplesseps.rivex.es\/es\/#website\",\"url\":\"https:\/\/lynkco.gruplesseps.rivex.es\/es\/\",\"name\":\"Lynk&amp;Co Maresme\",\"description\":\"\",\"potentialAction\":[{\"@type\":\"SearchAction\",\"target\":{\"@type\":\"EntryPoint\",\"urlTemplate\":\"https:\/\/lynkco.gruplesseps.rivex.es\/es\/?s={search_term_string}\"},\"query-input\":{\"@type\":\"PropertyValueSpecification\",\"valueRequired\":true,\"valueName\":\"search_term_string\"}}],\"inLanguage\":\"es\"}]}<\/script>\n<!-- \/ Yoast SEO plugin. -->","yoast_head_json":{"title":"Aviso Legal - Lynk&amp;Co Maresme","robots":{"index":"index","follow":"follow","max-snippet":"max-snippet:-1","max-image-preview":"max-image-preview:large","max-video-preview":"max-video-preview:-1"},"canonical":"https:\/\/lynkco.gruplesseps.rivex.es\/aviso-legal\/","og_locale":"es_ES","og_type":"article","og_title":"Aviso Legal - Lynk&amp;Co Maresme","og_url":"https:\/\/lynkco.gruplesseps.rivex.es\/aviso-legal\/","og_site_name":"Lynk&amp;Co Maresme","article_modified_time":"2025-10-18T07:38:04+00:00","twitter_card":"summary_large_image","schema":{"@context":"https:\/\/schema.org","@graph":[{"@type":"WebPage","@id":"https:\/\/lynkco.gruplesseps.rivex.es\/aviso-legal\/","url":"https:\/\/lynkco.gruplesseps.rivex.es\/aviso-legal\/","name":"Aviso Legal - Lynk&amp;Co Maresme","isPartOf":{"@id":"https:\/\/lynkco.gruplesseps.rivex.es\/es\/#website"},"datePublished":"2025-10-02T12:45:47+00:00","dateModified":"2025-10-18T07:38:04+00:00","breadcrumb":{"@id":"https:\/\/lynkco.gruplesseps.rivex.es\/aviso-legal\/#breadcrumb"},"inLanguage":"es","potentialAction":[{"@type":"ReadAction","target":["https:\/\/lynkco.gruplesseps.rivex.es\/aviso-legal\/"]}]},{"@type":"BreadcrumbList","@id":"https:\/\/lynkco.gruplesseps.rivex.es\/aviso-legal\/#breadcrumb","itemListElement":[{"@type":"ListItem","position":1,"name":"Home","item":"https:\/\/lynkco.gruplesseps.rivex.es\/es\/"},{"@type":"ListItem","position":2,"name":"Aviso Legal"}]},{"@type":"WebSite","@id":"https:\/\/lynkco.gruplesseps.rivex.es\/es\/#website","url":"https:\/\/lynkco.gruplesseps.rivex.es\/es\/","name":"Lynk&amp;Co Maresme","description":"","potentialAction":[{"@type":"SearchAction","target":{"@type":"EntryPoint","urlTemplate":"https:\/\/lynkco.gruplesseps.rivex.es\/es\/?s={search_term_string}"},"query-input":{"@type":"PropertyValueSpecification","valueRequired":true,"valueName":"search_term_string"}}],"inLanguage":"es"}]}},"_links":{"self":[{"href":"https:\/\/lynkco.gruplesseps.rivex.es\/es\/wp-json\/wp\/v2\/pages\/141","targetHints":{"allow":["GET"]}}],"collection":[{"href":"https:\/\/lynkco.gruplesseps.rivex.es\/es\/wp-json\/wp\/v2\/pages"}],"about":[{"href":"https:\/\/lynkco.gruplesseps.rivex.es\/es\/wp-json\/wp\/v2\/types\/page"}],"author":[{"embeddable":true,"href":"https:\/\/lynkco.gruplesseps.rivex.es\/es\/wp-json\/wp\/v2\/users\/1"}],"replies":[{"embeddable":true,"href":"https:\/\/lynkco.gruplesseps.rivex.es\/es\/wp-json\/wp\/v2\/comments?post=141"}],"version-history":[{"count":12,"href":"https:\/\/lynkco.gruplesseps.rivex.es\/es\/wp-json\/wp\/v2\/pages\/141\/revisions"}],"predecessor-version":[{"id":402,"href":"https:\/\/lynkco.gruplesseps.rivex.es\/es\/wp-json\/wp\/v2\/pages\/141\/revisions\/402"}],"wp:attachment":[{"href":"https:\/\/lynkco.gruplesseps.rivex.es\/es\/wp-json\/wp\/v2\/media?parent=141"}],"curies":[{"name":"wp","href":"https:\/\/api.w.org\/{rel}","templated":true}]}}