{"id":361,"date":"2025-10-16T15:20:24","date_gmt":"2025-10-16T13:20:24","guid":{"rendered":"https:\/\/lynkco.gruplesseps.rivex.es\/?page_id=361"},"modified":"2025-10-16T15:20:50","modified_gmt":"2025-10-16T13:20:50","slug":"lynkco-personal-service","status":"publish","type":"page","link":"https:\/\/lynkco.gruplesseps.rivex.es\/lynkco-personal-service\/","title":{"rendered":"Lynkco Personal Service"},"content":{"rendered":"<div class=\"hero-block hero-block--small\" style=\"background-color: Page;\">\n                        <div class=\"hero-slide\">\n                                    <h2 class=\"hero-title\">Lynk &amp; Co Personal Service<\/h2>\n                                \n                                    <p class=\"hero-subtitle\">Tu experto exclusivo. Con Lynk &amp; Co Personal Service, un T\u00e9cnico de Servicio Personal se encarga de todo.<\/p>\n                                \n                                    <div class=\"hero-image\">\n                                                    <img decoding=\"async\" src=\"https:\/\/lynkco.gruplesseps.rivex.es\/wp-content\/uploads\/sites\/3\/2025\/10\/pruebacond-1.jpg\" alt=\"\">\n                                            <\/div>\n                                \n                                \n                            <\/div>\n            <\/div> \n\n\n<div class=\"info-grid-block\" style=\"background-color: Page;\">\n            <div class=\"info-grid\">\n                            <div class=\"info-item\">\n                                            <h3 class=\"info-title\">Tu Propio T\u00e9cnico de Servicio Personal<\/h3>\n                                        \n                                            <p class=\"info-text\">Tendr\u00e1s un experto TPS (T\u00e9cnico de Servicio Personal) siempre asignado. Esto garantiza comunicaci\u00f3n directa, cero esperas y un conocimiento profundo de tu Lynk &amp; Co.<\/p>\n                                        \n                                    <\/div>\n                            <div class=\"info-item\">\n                                            <h3 class=\"info-title\">Experiencia Transparente y R\u00e1pida<\/h3>\n                                        \n                                            <p class=\"info-text\">Disfruta de un mantenimiento m\u00e1s r\u00e1pido y con total transparencia. Tu TPS se encarga de todo, permiti\u00e9ndote esperar c\u00f3modamente mientras se realiza el trabajo.<\/p>\n                                        \n                                    <\/div>\n                            <div class=\"info-item\">\n                                            <h3 class=\"info-title\">Comodidad Adaptada a Tu Vida<\/h3>\n                                        \n                                            <p class=\"info-text\">El servicio est\u00e1 dise\u00f1ado para ti. Tu TPS coordina la cita para que sea lo m\u00e1s conveniente posible, minimizando las interrupciones en tu rutina diaria.<\/p>\n                                        \n                                    <\/div>\n                            <div class=\"info-item\">\n                                            <h3 class=\"info-title\">Calidad Lynk &amp; Co con Cero Preocupaciones<\/h3>\n                                        \n                                            <p class=\"info-text\">Solo usamos piezas originales instaladas por especialistas. M\u00e1ximo rendimiento y seguridad asegurados, d\u00e1ndote la tranquilidad de que tu inversi\u00f3n est\u00e1 protegida.<\/p>\n                                        \n                                    <\/div>\n                    <\/div>\n    <\/div> \n\n\n<div class=\"image-with-text-block\" style=\"background-color: Page;\">\n    <div class=\"image-with-text image-with-text--left\">\n                    <div class=\"image-with-text__image\">\n                                    <img decoding=\"async\" src=\"https:\/\/lynkco.gruplesseps.rivex.es\/wp-content\/uploads\/sites\/3\/2025\/10\/Lynk-co-02-header-nH-1-1.webp\" alt=\"\">\n                            <\/div>\n                \n        <div class=\"image-with-text__content\">\n                            <h3 class=\"image-with-text__title\">Nuestra plantilla de T\u00e9cnicos de Servicio Personalizado<\/h3>\n                        \n                            <p class=\"image-with-text__text\">Desde mec\u00e1nica hasta electr\u00f3nica, cada t\u00e9cnico aporta su experiencia para cuidar cada aspecto de tu Lynk &amp; Co.<\/p>\n                        \n                    <\/div>\n    <\/div>\n<\/div> \n\n\n<div class=\"item-grid-block\" style=\"background-color: Page;\">\n            <div class=\"item-grid\">\n                            <div class=\"grid-item\">\n                                            <div class=\"item-image\">\n                                                            <img decoding=\"async\" src=\"https:\/\/lynkco.gruplesseps.rivex.es\/wp-content\/uploads\/sites\/3\/2025\/10\/tecnico1.jpg\" alt=\"\">\n                                                    <\/div>\n                                        \n                                            <h3 class=\"item-title\">Vicen\u00e7 Mu\u00f1oz<\/h3>\n                                        \n                                            <p class=\"item-text\">T\u00e9cnico TPS\r\n\r\n\ud83d\udcf1 621 683 211\r\n\r\n\ud83d\udce7 vmunoz@volmar-lm.com<\/p>\n                                        \n                                    <\/div>\n                            <div class=\"grid-item\">\n                                            <div class=\"item-image\">\n                                                            <img decoding=\"async\" src=\"https:\/\/lynkco.gruplesseps.rivex.es\/wp-content\/uploads\/sites\/3\/2025\/10\/tecnico2.jpg\" alt=\"\">\n                                                    <\/div>\n                                        \n                                            <h3 class=\"item-title\">Francisco Salazar<\/h3>\n                                        \n                                            <p class=\"item-text\">Jefe de taller\r\n\r\n\ud83d\udcf1 650 766 677\r\n\r\n\ud83d\udce7 fsalazar@volmar-lm.com<\/p>\n                                        \n                                    <\/div>\n                            <div class=\"grid-item\">\n                                            <div class=\"item-image\">\n                                                            <img decoding=\"async\" src=\"https:\/\/lynkco.gruplesseps.rivex.es\/wp-content\/uploads\/sites\/3\/2025\/10\/tecnico3.jpg\" alt=\"\">\n                                                    <\/div>\n                                        \n                                            <h3 class=\"item-title\">Fernando Moreno<\/h3>\n                                        \n                                            <p class=\"item-text\">T\u00e9cnico TPS\r\n\r\n\ud83d\udcf1 621 683 216\r\n\r\n\ud83d\udce7 fmoreno@volmar-lm.com<\/p>\n                                        \n                                    <\/div>\n                            <div class=\"grid-item\">\n                                            <div class=\"item-image\">\n                                                            <img decoding=\"async\" src=\"https:\/\/lynkco.gruplesseps.rivex.es\/wp-content\/uploads\/sites\/3\/2025\/10\/tecnico4.jpg\" alt=\"\">\n                                                    <\/div>\n                                        \n                                            <h3 class=\"item-title\">Albert Gomez<\/h3>\n                                        \n                                            <p class=\"item-text\">Soporte\r\n\r\n\ud83d\udcf1 621 683 212\r\n\r\n\ud83d\udce7 agomez@volmar-lm.com<\/p>\n                                        \n                                    <\/div>\n                            <div class=\"grid-item\">\n                                            <div class=\"item-image\">\n                                                            <img decoding=\"async\" src=\"https:\/\/lynkco.gruplesseps.rivex.es\/wp-content\/uploads\/sites\/3\/2025\/10\/tecnico5.jpg\" alt=\"\">\n                                                    <\/div>\n                                        \n                                            <h3 class=\"item-title\">Josep Martorell<\/h3>\n                                        \n                                            <p class=\"item-text\">Resp. Recambios\r\n\r\n\ud83d\udcf1 621 683 213 \/ 937 588 045\r\n\r\n\ud83d\udce7 jmartorell@volmar-lm.com<\/p>\n                                        \n                                    <\/div>\n                    <\/div>\n    <\/div> ","protected":false},"excerpt":{"rendered":"","protected":false},"author":1,"featured_media":0,"parent":0,"menu_order":0,"comment_status":"closed","ping_status":"closed","template":"","meta":{"_acf_changed":false,"footnotes":""},"class_list":["post-361","page","type-page","status-publish","hentry"],"acf":[],"yoast_head":"<!-- This site is optimized with the Yoast SEO plugin v26.0 - https:\/\/yoast.com\/wordpress\/plugins\/seo\/ -->\n<title>Lynkco Personal Service - Lynk&amp;Co Maresme<\/title>\n<meta name=\"robots\" content=\"index, follow, max-snippet:-1, max-image-preview:large, max-video-preview:-1\" \/>\n<link rel=\"canonical\" href=\"https:\/\/lynkco.gruplesseps.rivex.es\/lynkco-personal-service\/\" \/>\n<meta property=\"og:locale\" content=\"es_ES\" \/>\n<meta property=\"og:type\" content=\"article\" \/>\n<meta property=\"og:title\" content=\"Lynkco Personal Service - Lynk&amp;Co Maresme\" \/>\n<meta property=\"og:url\" content=\"https:\/\/lynkco.gruplesseps.rivex.es\/lynkco-personal-service\/\" \/>\n<meta property=\"og:site_name\" content=\"Lynk&amp;Co Maresme\" \/>\n<meta property=\"article:modified_time\" content=\"2025-10-16T13:20:50+00:00\" \/>\n<meta name=\"twitter:card\" content=\"summary_large_image\" \/>\n<script type=\"application\/ld+json\" class=\"yoast-schema-graph\">{\"@context\":\"https:\/\/schema.org\",\"@graph\":[{\"@type\":\"WebPage\",\"@id\":\"https:\/\/lynkco.gruplesseps.rivex.es\/lynkco-personal-service\/\",\"url\":\"https:\/\/lynkco.gruplesseps.rivex.es\/lynkco-personal-service\/\",\"name\":\"Lynkco Personal Service - Lynk&amp;Co Maresme\",\"isPartOf\":{\"@id\":\"https:\/\/lynkco.gruplesseps.rivex.es\/es\/#website\"},\"datePublished\":\"2025-10-16T13:20:24+00:00\",\"dateModified\":\"2025-10-16T13:20:50+00:00\",\"breadcrumb\":{\"@id\":\"https:\/\/lynkco.gruplesseps.rivex.es\/lynkco-personal-service\/#breadcrumb\"},\"inLanguage\":\"es\",\"potentialAction\":[{\"@type\":\"ReadAction\",\"target\":[\"https:\/\/lynkco.gruplesseps.rivex.es\/lynkco-personal-service\/\"]}]},{\"@type\":\"BreadcrumbList\",\"@id\":\"https:\/\/lynkco.gruplesseps.rivex.es\/lynkco-personal-service\/#breadcrumb\",\"itemListElement\":[{\"@type\":\"ListItem\",\"position\":1,\"name\":\"Home\",\"item\":\"https:\/\/lynkco.gruplesseps.rivex.es\/es\/\"},{\"@type\":\"ListItem\",\"position\":2,\"name\":\"Lynkco Personal Service\"}]},{\"@type\":\"WebSite\",\"@id\":\"https:\/\/lynkco.gruplesseps.rivex.es\/es\/#website\",\"url\":\"https:\/\/lynkco.gruplesseps.rivex.es\/es\/\",\"name\":\"Lynk&amp;Co Maresme\",\"description\":\"\",\"potentialAction\":[{\"@type\":\"SearchAction\",\"target\":{\"@type\":\"EntryPoint\",\"urlTemplate\":\"https:\/\/lynkco.gruplesseps.rivex.es\/es\/?s={search_term_string}\"},\"query-input\":{\"@type\":\"PropertyValueSpecification\",\"valueRequired\":true,\"valueName\":\"search_term_string\"}}],\"inLanguage\":\"es\"}]}<\/script>\n<!-- \/ Yoast SEO plugin. -->","yoast_head_json":{"title":"Lynkco Personal Service - Lynk&amp;Co Maresme","robots":{"index":"index","follow":"follow","max-snippet":"max-snippet:-1","max-image-preview":"max-image-preview:large","max-video-preview":"max-video-preview:-1"},"canonical":"https:\/\/lynkco.gruplesseps.rivex.es\/lynkco-personal-service\/","og_locale":"es_ES","og_type":"article","og_title":"Lynkco Personal Service - Lynk&amp;Co Maresme","og_url":"https:\/\/lynkco.gruplesseps.rivex.es\/lynkco-personal-service\/","og_site_name":"Lynk&amp;Co Maresme","article_modified_time":"2025-10-16T13:20:50+00:00","twitter_card":"summary_large_image","schema":{"@context":"https:\/\/schema.org","@graph":[{"@type":"WebPage","@id":"https:\/\/lynkco.gruplesseps.rivex.es\/lynkco-personal-service\/","url":"https:\/\/lynkco.gruplesseps.rivex.es\/lynkco-personal-service\/","name":"Lynkco Personal Service - Lynk&amp;Co Maresme","isPartOf":{"@id":"https:\/\/lynkco.gruplesseps.rivex.es\/es\/#website"},"datePublished":"2025-10-16T13:20:24+00:00","dateModified":"2025-10-16T13:20:50+00:00","breadcrumb":{"@id":"https:\/\/lynkco.gruplesseps.rivex.es\/lynkco-personal-service\/#breadcrumb"},"inLanguage":"es","potentialAction":[{"@type":"ReadAction","target":["https:\/\/lynkco.gruplesseps.rivex.es\/lynkco-personal-service\/"]}]},{"@type":"BreadcrumbList","@id":"https:\/\/lynkco.gruplesseps.rivex.es\/lynkco-personal-service\/#breadcrumb","itemListElement":[{"@type":"ListItem","position":1,"name":"Home","item":"https:\/\/lynkco.gruplesseps.rivex.es\/es\/"},{"@type":"ListItem","position":2,"name":"Lynkco Personal Service"}]},{"@type":"WebSite","@id":"https:\/\/lynkco.gruplesseps.rivex.es\/es\/#website","url":"https:\/\/lynkco.gruplesseps.rivex.es\/es\/","name":"Lynk&amp;Co Maresme","description":"","potentialAction":[{"@type":"SearchAction","target":{"@type":"EntryPoint","urlTemplate":"https:\/\/lynkco.gruplesseps.rivex.es\/es\/?s={search_term_string}"},"query-input":{"@type":"PropertyValueSpecification","valueRequired":true,"valueName":"search_term_string"}}],"inLanguage":"es"}]}},"_links":{"self":[{"href":"https:\/\/lynkco.gruplesseps.rivex.es\/es\/wp-json\/wp\/v2\/pages\/361","targetHints":{"allow":["GET"]}}],"collection":[{"href":"https:\/\/lynkco.gruplesseps.rivex.es\/es\/wp-json\/wp\/v2\/pages"}],"about":[{"href":"https:\/\/lynkco.gruplesseps.rivex.es\/es\/wp-json\/wp\/v2\/types\/page"}],"author":[{"embeddable":true,"href":"https:\/\/lynkco.gruplesseps.rivex.es\/es\/wp-json\/wp\/v2\/users\/1"}],"replies":[{"embeddable":true,"href":"https:\/\/lynkco.gruplesseps.rivex.es\/es\/wp-json\/wp\/v2\/comments?post=361"}],"version-history":[{"count":2,"href":"https:\/\/lynkco.gruplesseps.rivex.es\/es\/wp-json\/wp\/v2\/pages\/361\/revisions"}],"predecessor-version":[{"id":372,"href":"https:\/\/lynkco.gruplesseps.rivex.es\/es\/wp-json\/wp\/v2\/pages\/361\/revisions\/372"}],"wp:attachment":[{"href":"https:\/\/lynkco.gruplesseps.rivex.es\/es\/wp-json\/wp\/v2\/media?parent=361"}],"curies":[{"name":"wp","href":"https:\/\/api.w.org\/{rel}","templated":true}]}}